{"id":3,"date":"2025-08-12T16:35:37","date_gmt":"2025-08-12T16:35:37","guid":{"rendered":"http:\/\/rampair.bike\/?page_id=3"},"modified":"2026-04-01T12:35:02","modified_gmt":"2026-04-01T10:35:02","slug":"datenschutz","status":"publish","type":"page","link":"https:\/\/rampair.bike\/en\/datenschutz\/","title":{"rendered":"Privacy Policy"},"content":{"rendered":"<div data-elementor-type=\"wp-page\" data-elementor-id=\"3\" class=\"elementor elementor-3\" data-elementor-post-type=\"page\">\n\t\t\t\t<div class=\"elementor-element elementor-element-6700b95e e-flex e-con-boxed e-con e-parent\" data-id=\"6700b95e\" data-element_type=\"container\" data-e-type=\"container\">\n\t\t\t\t\t<div class=\"e-con-inner\">\n\t\t\t\t<div class=\"elementor-element elementor-element-3f3082d6 elementor-widget elementor-widget-text-editor\" data-id=\"3f3082d6\" data-element_type=\"widget\" data-e-type=\"widget\" data-widget_type=\"text-editor.default\">\n\t\t\t\t\t\t\t\t\t\n<h2 class=\"wp-block-heading\"><\/h2>\n\n\n\n<p><\/p>\n\n\n\n<p><\/p>\n\t\t\t\t\t\t\t\t<\/div>\n\t\t\t\t\t<\/div>\n\t\t\t\t<\/div>\n\t\t<div class=\"elementor-element elementor-element-41ffc2a e-flex e-con-boxed e-con e-parent\" data-id=\"41ffc2a\" data-element_type=\"container\" data-e-type=\"container\">\n\t\t\t\t\t<div class=\"e-con-inner\">\n\t\t\t\t<div class=\"elementor-element elementor-element-ed88139 elementor-widget-divider--view-line elementor-widget elementor-widget-divider\" data-id=\"ed88139\" data-element_type=\"widget\" data-e-type=\"widget\" data-widget_type=\"divider.default\">\n\t\t\t\t\t\t\t<div class=\"elementor-divider\">\n\t\t\t<span class=\"elementor-divider-separator\">\n\t\t\t\t\t\t<\/span>\n\t\t<\/div>\n\t\t\t\t\t\t<\/div>\n\t\t\t\t<div class=\"elementor-element elementor-element-a71f05a elementor-widget elementor-widget-text-editor\" data-id=\"a71f05a\" data-element_type=\"widget\" data-e-type=\"widget\" data-widget_type=\"text-editor.default\">\n\t\t\t\t\t\t\t\t\t<h2 data-start=\"334\" data-end=\"356\">Privacy Policy<\/h2>\n<p data-start=\"358\" data-end=\"379\"><strong data-start=\"358\" data-end=\"368\">Stand<\/strong> 25.09.2025<\/p>\n<h2 data-start=\"381\" data-end=\"394\">Introduction<\/h2>\n<p data-start=\"395\" data-end=\"756\">With the following privacy policy, we inform you about the type, scope, and purpose of the processing of personal data within our online service, our websites, mobile applications, and external online presences (collectively, the \u201eonline service\u201c). The terms used are gender-neutral and correspond to the definitions in the GDPR.<\/p>\n<h2 data-start=\"758\" data-end=\"777\">Responsible Party<\/h2>\n<p data-start=\"778\" data-end=\"1026\"><strong data-start=\"778\" data-end=\"793\">Company name:<\/strong> Ramp Air GmbH<br data-start=\"801\" data-end=\"804\" \/><strong data-start=\"804\" data-end=\"816\">Address<\/strong> \u00c4pfelberg 38, 5231 Schalchen, Austria<br data-start=\"857\" data-end=\"860\" \/><strong data-start=\"860\" data-end=\"891\">Owner \/ Responsible Party<\/strong> Mag. Walter Jammernegg<br data-start=\"914\" data-end=\"917\" \/><strong data-start=\"917\" data-end=\"928\">Email:<\/strong> <a rel=\"noopener\" data-start=\"929\" data-end=\"946\">info@rampair.bike<\/a><br data-start=\"946\" data-end=\"949\" \/><strong data-start=\"949\" data-end=\"961\">Phone:<\/strong> +43 7742 30160<br data-start=\"976\" data-end=\"979\" \/><strong data-start=\"979\" data-end=\"993\">Imprint<\/strong> <a target=\"_new\" rel=\"noopener\" data-start=\"994\" data-end=\"1024\">https:\/\/rampair.bike\/impressum<\/a><\/p>\n<h2 data-start=\"1028\" data-end=\"1062\">Contact Data Protection Officer<\/h2>\n<p data-start=\"1063\" data-end=\"1258\">A data protection officer has not been appointed, as it is not legally required. For data protection concerns, please contact the person in charge: Mag. Walter Jammernegg, <a rel=\"noopener\" data-start=\"1240\" data-end=\"1257\">info@rampair.bike<\/a>.<\/p>\n<hr data-start=\"1260\" data-end=\"1263\" \/>\n<h2 data-start=\"1265\" data-end=\"1296\">Governing Legal Basis<\/h2>\n<p data-start=\"1297\" data-end=\"1372\">We process personal data based on the GDPR, in particular:<\/p>\n<ul data-start=\"1373\" data-end=\"1704\">\n<li data-start=\"1373\" data-end=\"1418\">\n<p data-start=\"1375\" data-end=\"1418\">Art. 6(1)(a) GDPR (Consent)<\/p>\n<\/li>\n<li data-start=\"1419\" data-end=\"1497\">\n<p data-start=\"1421\" data-end=\"1497\">Art. 6(1)(b) GDPR (performance of a contract \/ pre-contractual measures)<\/p>\n<\/li>\n<li data-start=\"1498\" data-end=\"1555\">\n<p data-start=\"1500\" data-end=\"1555\">Art. 6 (1) (c) GDPR (legal obligation)<\/p>\n<\/li>\n<li data-start=\"1556\" data-end=\"1704\">\n<p data-start=\"1558\" data-end=\"1704\">Art. 6(1)(f) GDPR (legitimate interests; e.g., secure, economical, and user-friendly provision of our online services)<\/p>\n<\/li>\n<\/ul>\n<hr data-start=\"1706\" data-end=\"1709\" \/>\n<h2 data-start=\"1711\" data-end=\"1734\">Safety measures<\/h2>\n<p data-start=\"1735\" data-end=\"1963\">We implement appropriate technical and organizational measures to ensure a level of security commensurate with the risk. This includes, in particular, safeguarding the confidentiality, integrity, and availability of data.<\/p>\n<p data-start=\"1965\" data-end=\"2061\"><strong data-start=\"1965\" data-end=\"2001\">SSL\/TLS encryption (https):<\/strong> Data transmission via our website is encrypted.<\/p>\n<hr data-start=\"2063\" data-end=\"2066\" \/>\n<h2 data-start=\"2068\" data-end=\"2127\">Transmission and Revelation of Personal Data<\/h2>\n<p data-start=\"2128\" data-end=\"2431\">As part of our processing, data may be transferred or disclosed to other parties, such as IT service providers, payment institutions, shipping companies, or providers of embedded content. Corresponding order processing agreements or data transfer agreements will be complied with.<\/p>\n<hr data-start=\"2433\" data-end=\"2436\" \/>\n<h2 data-start=\"2438\" data-end=\"2474\">Data processing in third countries<\/h2>\n<p data-start=\"2475\" data-end=\"2721\">The processing of personal data in third countries outside the EU\/EEA only takes place in compliance with legal requirements, particularly through adequacy decisions, standard contractual clauses, or based on consent.<\/p>\n<hr data-start=\"2723\" data-end=\"2726\" \/>\n<h2 data-start=\"2728\" data-end=\"2750\">Use of Cookies<\/h2>\n<p data-start=\"2751\" data-end=\"2806\">We use cookies and similar technologies.<\/p>\n<p data-start=\"2808\" data-end=\"2832\"><strong data-start=\"2808\" data-end=\"2830\">Types of Cookies:<\/strong><\/p>\n<ul data-start=\"2833\" data-end=\"2945\">\n<li data-start=\"2833\" data-end=\"2878\">\n<p data-start=\"2835\" data-end=\"2878\">Necessary Cookies (Operation &amp; Security)<\/p>\n<\/li>\n<li data-start=\"2879\" data-end=\"2900\">\n<p data-start=\"2881\" data-end=\"2900\">Statistics Cookies<\/p>\n<\/li>\n<li data-start=\"2901\" data-end=\"2945\">\n<p data-start=\"2903\" data-end=\"2945\">Marketing and personalization cookies<\/p>\n<\/li>\n<\/ul>\n<p data-start=\"2947\" data-end=\"2970\"><strong data-start=\"2947\" data-end=\"2968\">Legal basis:<\/strong><\/p>\n<ul data-start=\"2971\" data-end=\"3123\">\n<li data-start=\"2971\" data-end=\"3016\">\n<p data-start=\"2973\" data-end=\"3016\">Consent (Art. 6(1)(a) GDPR)<\/p>\n<\/li>\n<li data-start=\"3017\" data-end=\"3067\">\n<p data-start=\"3019\" data-end=\"3067\">Performance of a contract (Art. 6(1)(b) GDPR)<\/p>\n<\/li>\n<li data-start=\"3068\" data-end=\"3123\">\n<p data-start=\"3070\" data-end=\"3123\">Legitimate interests (Art. 6(1)(f) GDPR)<\/p>\n<\/li>\n<\/ul>\n<p data-start=\"3125\" data-end=\"3264\"><strong data-start=\"3125\" data-end=\"3148\">Consent Management:<\/strong> We are using the tool <em data-start=\"3169\" data-end=\"3188\">Cookie Compliance<\/em> there. Consents can be given, managed, and revoked there.<\/p>\n<p data-start=\"3266\" data-end=\"3407\"><strong data-start=\"3266\" data-end=\"3284\">Storage duration<\/strong> Cookies are generally stored for up to 24 months, unless a shorter or longer storage period is specified.<\/p>\n<hr data-start=\"3409\" data-end=\"3412\" \/>\n<h2 data-start=\"3414\" data-end=\"3498\">Commercial and business services (shop, customer account, payments, shipping)<\/h2>\n<h3 data-start=\"3500\" data-end=\"3528\">Shop System \/ Customer Account<\/h3>\n<p data-start=\"3529\" data-end=\"3971\">Our online shop is based on WooCommerce.<br data-start=\"3570\" data-end=\"3573\" \/><strong data-start=\"3573\" data-end=\"3596\">Processed Data:<\/strong> Name, Address, Contact Information, Order Details, Payment and Billing Information, IP Addresses, Timestamps, Customer Account Data (if applicable).<br data-start=\"3719\" data-end=\"3722\" \/><strong data-start=\"3722\" data-end=\"3733\">Purposes<\/strong> Contract fulfillment, order processing, customer service, fraud prevention.<br data-start=\"3819\" data-end=\"3822\" \/><strong data-start=\"3822\" data-end=\"3843\">Legal basis:<\/strong> Art. 6 para. 1 lit. b, c, and f GDPR.<br data-start=\"3880\" data-end=\"3883\" \/><strong data-start=\"3883\" data-end=\"3901\">Storage duration<\/strong> at least 7-10 years for tax and commercial documents.<\/p>\n<h3 data-start=\"3973\" data-end=\"3995\">Payment processing<\/h3>\n<p data-start=\"3996\" data-end=\"4196\">Payments can be made through external payment service providers, including PayPal, Klarna, Stripe, credit card, and bank transfer. Payment data is processed directly by the respective providers.<\/p>\n<h3 data-start=\"4198\" data-end=\"4220\">Shipping &amp; Logistics<\/h3>\n<p data-start=\"4221\" data-end=\"4344\">For delivery, we provide data such as name, address, email, and phone number to the shipping service provider. <strong data-start=\"4327\" data-end=\"4334\">DPD<\/strong> Continue.<\/p>\n<hr data-start=\"4346\" data-end=\"4349\" \/>\n<h2 data-start=\"4351\" data-end=\"4403\">Provision of online services and web hosting<\/h2>\n<p data-start=\"4404\" data-end=\"4496\">Our online offering is hosted by <strong data-start=\"4442\" data-end=\"4493\">ALL-INKL.COM \u2013 Neue Medien M\u00fcnnich, Germany<\/strong>.<\/p>\n<p data-start=\"4498\" data-end=\"4750\"><strong data-start=\"4498\" data-end=\"4521\">Processed Data:<\/strong> Server log files (pages accessed, date\/time, browser type, operating system, referrer URL, IP address, requesting provider).<br data-start=\"4650\" data-end=\"4653\" \/><strong data-start=\"4653\" data-end=\"4664\">Purposes<\/strong> Security, stability, operation.<br data-start=\"4697\" data-end=\"4700\" \/><strong data-start=\"4700\" data-end=\"4720\">Legal Basis:<\/strong> Art. 6(1)(f) GDPR.<\/p>\n<hr data-start=\"4752\" data-end=\"4755\" \/>\n<h2 data-start=\"4757\" data-end=\"4775\">Contact Us<\/h2>\n<p data-start=\"4776\" data-end=\"5062\">When you contact us by email or phone, we process the information you provide to handle your request.<br data-start=\"4896\" data-end=\"4899\" \/><strong data-start=\"4899\" data-end=\"4920\">Legal basis:<\/strong> Art. 6(1)(b) and (f) GDPR.<br data-start=\"4954\" data-end=\"4957\" \/><strong data-start=\"4957\" data-end=\"4975\">Storage duration<\/strong> Deletion upon completion, provided that there are no statutory retention obligations.<\/p>\n<hr data-start=\"5064\" data-end=\"5067\" \/>\n<h2 data-start=\"5069\" data-end=\"5119\">Newsletter and electronic notifications<\/h2>\n<p data-start=\"5120\" data-end=\"5254\">We send newsletters, emails, and other electronic notifications with information about our services and offers.<\/p>\n<p data-start=\"5256\" data-end=\"5646\"><strong data-start=\"5256\" data-end=\"5270\">Procedure<\/strong> Registration is performed using a double opt-in procedure, including logging.<br data-start=\"5345\" data-end=\"5348\" \/><strong data-start=\"5348\" data-end=\"5360\">Contents<\/strong> Information about products, promotions, and RampAir.<br data-start=\"5410\" data-end=\"5413\" \/><strong data-start=\"5413\" data-end=\"5425\">Analyze<\/strong> Success measurement using tracking pixels (opens, clicks, technical data).<br data-start=\"5497\" data-end=\"5500\" \/><strong data-start=\"5500\" data-end=\"5521\">Legal basis:<\/strong> Art. 6(1)(a) and (f) GDPR.<br data-start=\"5555\" data-end=\"5558\" \/><strong data-start=\"5558\" data-end=\"5571\">Cancellation<\/strong> Possible at any time via unsubscribe link or by email to <a rel=\"noopener\" data-start=\"5626\" data-end=\"5643\">info@rampair.bike<\/a>.<\/p>\n<hr data-start=\"5648\" data-end=\"5651\" \/>\n<h2 data-start=\"5653\" data-end=\"5694\">Web analysis, monitoring, and optimization<\/h2>\n<p data-start=\"5695\" data-end=\"5795\">For range measurement and optimization, we use tools such as Google Analytics, Matomo, and etracker.<\/p>\n<p data-start=\"5797\" data-end=\"6022\"><strong data-start=\"5797\" data-end=\"5807\">Data<\/strong> Usage data (pages visited, duration, interactions), metadata (IP, browser, operating system).<br data-start=\"5910\" data-end=\"5913\" \/><strong data-start=\"5913\" data-end=\"5937\">Security measure<\/strong> IP Anonymization (IP Masking).<br data-start=\"5969\" data-end=\"5972\" \/><strong data-start=\"5972\" data-end=\"5992\">Legal Basis:<\/strong> Art. 6(1)(a) GDPR.<\/p>\n<hr data-start=\"6024\" data-end=\"6027\" \/>\n<h2 data-start=\"6029\" data-end=\"6047\">Online marketing<\/h2>\n<p data-start=\"6048\" data-end=\"6164\">We use online marketing methods such as Google Ads, Google Ad Manager, Google Tag Manager, and the Facebook Pixel.<\/p>\n<p data-start=\"6166\" data-end=\"6381\"><strong data-start=\"6166\" data-end=\"6177\">Purposes<\/strong> Reach measurement, remarketing, conversion measurement, audience creation.<br data-start=\"6250\" data-end=\"6253\" \/><strong data-start=\"6253\" data-end=\"6263\">Data<\/strong> Usage and location data, meta\/communication data, cookies.<br data-start=\"6328\" data-end=\"6331\" \/><strong data-start=\"6331\" data-end=\"6351\">Legal Basis:<\/strong> Art. 6(1)(a) GDPR.<\/p>\n<hr data-start=\"6383\" data-end=\"6386\" \/>\n<h2 data-start=\"6388\" data-end=\"6438\">Social Media Presence<\/h2>\n<p data-start=\"6439\" data-end=\"6492\">We maintain presences on Facebook and Instagram.<\/p>\n<p data-start=\"6494\" data-end=\"6684\"><strong data-start=\"6494\" data-end=\"6516\">Data processing<\/strong> Processing by the platform operators for analysis and marketing purposes, including cookies and usage profiles.<br data-start=\"6631\" data-end=\"6634\" \/><strong data-start=\"6634\" data-end=\"6654\">Legal Basis:<\/strong> Art. 6(1)(f) GDPR.<\/p>\n<hr data-start=\"6686\" data-end=\"6689\" \/>\n<h2 data-start=\"6691\" data-end=\"6726\">Plugins and embedded content<\/h2>\n<p data-start=\"6727\" data-end=\"6825\">We embed external content that technically requires the processing of the IP address.<\/p>\n<p data-start=\"6827\" data-end=\"7128\"><strong data-start=\"6827\" data-end=\"6846\">YouTube videos<\/strong> Provider: Google Ireland Limited (Google LLC, USA).<br data-start=\"6898\" data-end=\"6901\" \/><strong data-start=\"6901\" data-end=\"6918\">Google Fonts:<\/strong> Integration for uniform display of fonts.<br data-start=\"6977\" data-end=\"6980\" \/><strong data-start=\"6980\" data-end=\"6996\">Google Maps<\/strong> Google Maps.<br data-start=\"7026\" data-end=\"7029\" \/><strong data-start=\"7029\" data-end=\"7043\">reCAPTCHA:<\/strong> Google Spam Protection.<br data-start=\"7066\" data-end=\"7069\" \/><strong data-start=\"7069\" data-end=\"7088\">Social Plugins:<\/strong> Facebook and Instagram buttons.<\/p>\n<p data-start=\"7130\" data-end=\"7190\"><strong data-start=\"7130\" data-end=\"7151\">Legal basis:<\/strong> Art. 6 para. 1 lit. a, b and f GDPR.<\/p>\n<hr data-start=\"7192\" data-end=\"7195\" \/>\n<h2 data-start=\"7197\" data-end=\"7218\">Data deletion<\/h2>\n<p data-start=\"7219\" data-end=\"7377\">Data will be deleted as soon as the purpose ceases to exist or statutory retention periods expire. Instead of deletion, a restriction (blocking) may occur.<\/p>\n<hr data-start=\"7379\" data-end=\"7382\" \/>\n<h2 data-start=\"7384\" data-end=\"7418\">Data Subject Rights<\/h2>\n<p data-start=\"7419\" data-end=\"7462\">You have the following rights under the GDPR:<\/p>\n<ul data-start=\"7463\" data-end=\"7772\">\n<li data-start=\"7463\" data-end=\"7491\">\n<p data-start=\"7465\" data-end=\"7491\">Information (Art. 15 GDPR)<\/p>\n<\/li>\n<li data-start=\"7492\" data-end=\"7524\">\n<p data-start=\"7494\" data-end=\"7524\">Rectification (Art. 16 GDPR)<\/p>\n<\/li>\n<li data-start=\"7525\" data-end=\"7553\">\n<p data-start=\"7527\" data-end=\"7553\">Erasure (Article 17 GDPR)<\/p>\n<\/li>\n<li data-start=\"7554\" data-end=\"7587\">\n<p data-start=\"7556\" data-end=\"7587\">Restriction (Art. 18 GDPR)<\/p>\n<\/li>\n<li data-start=\"7588\" data-end=\"7628\">\n<p data-start=\"7590\" data-end=\"7628\">Data Portability (Art. 20 GDPR)<\/p>\n<\/li>\n<li data-start=\"7629\" data-end=\"7660\">\n<p data-start=\"7631\" data-end=\"7660\">Objection (Art. 21 GDPR)<\/p>\n<\/li>\n<li data-start=\"7661\" data-end=\"7714\">\n<p data-start=\"7663\" data-end=\"7714\">Revocation of consent (Art. 7 para. 3 GDPR)<\/p>\n<\/li>\n<li data-start=\"7715\" data-end=\"7772\">\n<p data-start=\"7717\" data-end=\"7772\">Complaint to a supervisory authority (Art. 77 GDPR)<\/p>\n<\/li>\n<\/ul>\n<p data-start=\"7774\" data-end=\"7902\">Competent Authority <strong data-start=\"7794\" data-end=\"7900\">Austrian Data Protection Authority, Barichgasse 40\u201342, 1030 Vienna, <a rel=\"noopener\" data-start=\"7862\" data-end=\"7875\">dsb@dsb.gv.at<\/a>, <a target=\"_new\" rel=\"noopener\" data-start=\"7877\" data-end=\"7898\">https:\/\/www.dsb.gv.at<\/a><\/strong><\/p>\n<hr data-start=\"7904\" data-end=\"7907\" \/>\n<h2 data-start=\"7909\" data-end=\"7964\">Modification and updating of the privacy policy<\/h2>\n<p data-start=\"7965\" data-end=\"8144\">We reserve the right to adapt this privacy policy in case of changes to data processing or legal circumstances. Please inform yourself regularly about the current status.<\/p>\n<hr data-start=\"8146\" data-end=\"8149\" \/>\n<h2 data-start=\"8151\" data-end=\"8174\">Definitions<\/h2>\n<ul data-start=\"8175\" data-end=\"8645\">\n<li data-start=\"8175\" data-end=\"8277\">\n<p data-start=\"8177\" data-end=\"8277\"><strong data-start=\"8177\" data-end=\"8204\">Personal Data<\/strong> All information about identified or identifiable individuals.<\/p>\n<\/li>\n<li data-start=\"8278\" data-end=\"8358\">\n<p data-start=\"8280\" data-end=\"8358\"><strong data-start=\"8280\" data-end=\"8297\">Processing<\/strong> Any process relating to personal data.<\/p>\n<\/li>\n<li data-start=\"8359\" data-end=\"8441\">\n<p data-start=\"8361\" data-end=\"8441\"><strong data-start=\"8361\" data-end=\"8375\">Profiling:<\/strong> Automated processing for the evaluation of personal aspects.<\/p>\n<\/li>\n<li data-start=\"8442\" data-end=\"8498\">\n<p data-start=\"8444\" data-end=\"8498\"><strong data-start=\"8444\" data-end=\"8467\">Reach Measurement<\/strong> Analysis of visitor flows.<\/p>\n<\/li>\n<li data-start=\"8499\" data-end=\"8554\">\n<p data-start=\"8501\" data-end=\"8554\"><strong data-start=\"8501\" data-end=\"8514\">Tracking<\/strong> Tracking of usage behavior.<\/p>\n<\/li>\n<li data-start=\"8555\" data-end=\"8645\">\n<p data-start=\"8557\" data-end=\"8645\"><strong data-start=\"8557\" data-end=\"8578\">Responsible Person<\/strong> Entity that decides on the purposes and means of processing.<\/p>\n<\/li>\n<\/ul>\t\t\t\t\t\t\t\t<\/div>\n\t\t\t\t\t<\/div>\n\t\t\t\t<\/div>\n\t\t\t\t<\/div>","protected":false},"excerpt":{"rendered":"<p>Datenschutzerkl\u00e4rung Stand: 25.09.2025 Einleitung Mit der folgenden Datenschutzerkl\u00e4rung informieren wir Sie \u00fcber Art, Umfang und Zwecke der Verarbeitung personenbezogener Daten innerhalb unseres [&hellip;]<\/p>\n","protected":false},"author":1,"featured_media":0,"parent":0,"menu_order":0,"comment_status":"closed","ping_status":"open","template":"","meta":{"footnotes":""},"class_list":["post-3","page","type-page","status-publish","hentry"],"jetpack_sharing_enabled":true,"_links":{"self":[{"href":"https:\/\/rampair.bike\/en\/wp-json\/wp\/v2\/pages\/3","targetHints":{"allow":["GET"]}}],"collection":[{"href":"https:\/\/rampair.bike\/en\/wp-json\/wp\/v2\/pages"}],"about":[{"href":"https:\/\/rampair.bike\/en\/wp-json\/wp\/v2\/types\/page"}],"author":[{"embeddable":true,"href":"https:\/\/rampair.bike\/en\/wp-json\/wp\/v2\/users\/1"}],"replies":[{"embeddable":true,"href":"https:\/\/rampair.bike\/en\/wp-json\/wp\/v2\/comments?post=3"}],"version-history":[{"count":10,"href":"https:\/\/rampair.bike\/en\/wp-json\/wp\/v2\/pages\/3\/revisions"}],"predecessor-version":[{"id":1434,"href":"https:\/\/rampair.bike\/en\/wp-json\/wp\/v2\/pages\/3\/revisions\/1434"}],"wp:attachment":[{"href":"https:\/\/rampair.bike\/en\/wp-json\/wp\/v2\/media?parent=3"}],"curies":[{"name":"WordPress","href":"https:\/\/api.w.org\/{rel}","templated":true}]}}