{"id":414,"date":"2025-09-25T13:04:50","date_gmt":"2025-09-25T11:04:50","guid":{"rendered":"https:\/\/rampair.bike\/?page_id=414"},"modified":"2026-04-01T13:22:43","modified_gmt":"2026-04-01T11:22:43","slug":"impressum","status":"publish","type":"page","link":"https:\/\/rampair.bike\/en\/impressum\/","title":{"rendered":"Imprint"},"content":{"rendered":"<div data-elementor-type=\"wp-page\" data-elementor-id=\"414\" class=\"elementor elementor-414\" data-elementor-post-type=\"page\">\n\t\t\t\t<div class=\"elementor-element elementor-element-6700b95e e-flex e-con-boxed e-con e-parent\" data-id=\"6700b95e\" data-element_type=\"container\" data-e-type=\"container\">\n\t\t\t\t\t<div class=\"e-con-inner\">\n\t\t\t\t<div class=\"elementor-element elementor-element-3f3082d6 elementor-widget elementor-widget-text-editor\" data-id=\"3f3082d6\" data-element_type=\"widget\" data-e-type=\"widget\" data-widget_type=\"text-editor.default\">\n\t\t\t\t\t\t\t\t\t\n<h2 class=\"wp-block-heading\"><\/h2>\n\n\n\n<p><\/p>\n\n\n\n<p><\/p>\n\t\t\t\t\t\t\t\t<\/div>\n\t\t\t\t\t<\/div>\n\t\t\t\t<\/div>\n\t\t<div class=\"elementor-element elementor-element-41ffc2a e-flex e-con-boxed e-con e-parent\" data-id=\"41ffc2a\" data-element_type=\"container\" data-e-type=\"container\">\n\t\t\t\t\t<div class=\"e-con-inner\">\n\t\t\t\t<div class=\"elementor-element elementor-element-ed88139 elementor-widget-divider--view-line elementor-widget elementor-widget-divider\" data-id=\"ed88139\" data-element_type=\"widget\" data-e-type=\"widget\" data-widget_type=\"divider.default\">\n\t\t\t\t\t\t\t<div class=\"elementor-divider\">\n\t\t\t<span class=\"elementor-divider-separator\">\n\t\t\t\t\t\t<\/span>\n\t\t<\/div>\n\t\t\t\t\t\t<\/div>\n\t\t\t\t<div class=\"elementor-element elementor-element-a71f05a elementor-widget elementor-widget-text-editor\" data-id=\"a71f05a\" data-element_type=\"widget\" data-e-type=\"widget\" data-widget_type=\"text-editor.default\">\n\t\t\t\t\t\t\t\t\t<h2 data-start=\"334\" data-end=\"356\">Imprint<\/h2>\n<p>Editor responsible for this website:<\/p>\n<p><strong>OUR CONTACT DETAILS<\/strong><\/p>\n<p>Ramp Air GmbH<br \/>Applesberg 38<br \/>5231 Schalchen<br \/>Austria<\/p>\n<p>Phone: +43 7742 30160<br \/>E-Mail: info@rampair.bike<br \/>[English translation: www.rampair.bike]<\/p>\n<p><strong>User ID number\u00a0<\/strong><br \/>ATU83080416<\/p>\n<p><strong>Company Register Number<\/strong><br \/>FN 674386w<\/p>\n<p><strong>Authority pursuant to the E-Commerce Act<\/strong><br \/>District Authority Braunau am Inn<\/p>\n<p><strong>International Bank Account Number<\/strong><br \/>AT97 3810 2000 0010 5858<\/p>\n<p><strong>Bank Identifier Code<\/strong><br \/>RZSTAT2G102<\/p>\n<p>European Commission Online Dispute Resolution (ODR) Platform for Consumers:\u00a0<a href=\"https:\/\/ec.europa.eu\/consumers\/odr\/\">https:\/\/ec.europa.eu\/consumers\/odr\/<\/a>. We are not willing and not obliged to participate in a dispute resolution procedure before a consumer arbitration board.<\/p>\n<p>Please note our\u00a0<a title=\"Data Privacy\" href=\"https:\/\/rampair.bike\/en\/datenschutz\/\">Privacy Policy<\/a><\/p>\n<p>\u00a0<\/p>\n<p><strong>Website &amp; Photography<\/strong><\/p>\n<p>Eng. Tobias Nussbaumer<\/p>\n<p><a href=\"https:\/\/www.kamerakerl.at\/\">www.kamerakerl.at<\/a><\/p>\n<p>\u00a0<\/p>\t\t\t\t\t\t\t\t<\/div>\n\t\t\t\t\t<\/div>\n\t\t\t\t<\/div>\n\t\t\t\t<\/div>","protected":false},"excerpt":{"rendered":"<p>Impressum F\u00fcr diese Website verantwortlicher Herausgeber: UNSERE KONTAKTDATEN Ramp Air GmbH\u00c4pfelberg 385231 Schalchen\u00d6sterreich Telefon: +43 7742 30160E-Mail: info@rampair.bikeWebsite: www.rampair.bike UID-Nummer\u00a0ATU83080416 FirmenbuchnummerFN 674386w [&hellip;]<\/p>\n","protected":false},"author":1,"featured_media":0,"parent":0,"menu_order":0,"comment_status":"closed","ping_status":"open","template":"","meta":{"footnotes":""},"class_list":["post-414","page","type-page","status-publish","hentry"],"jetpack_sharing_enabled":true,"_links":{"self":[{"href":"https:\/\/rampair.bike\/en\/wp-json\/wp\/v2\/pages\/414","targetHints":{"allow":["GET"]}}],"collection":[{"href":"https:\/\/rampair.bike\/en\/wp-json\/wp\/v2\/pages"}],"about":[{"href":"https:\/\/rampair.bike\/en\/wp-json\/wp\/v2\/types\/page"}],"author":[{"embeddable":true,"href":"https:\/\/rampair.bike\/en\/wp-json\/wp\/v2\/users\/1"}],"replies":[{"embeddable":true,"href":"https:\/\/rampair.bike\/en\/wp-json\/wp\/v2\/comments?post=414"}],"version-history":[{"count":10,"href":"https:\/\/rampair.bike\/en\/wp-json\/wp\/v2\/pages\/414\/revisions"}],"predecessor-version":[{"id":1441,"href":"https:\/\/rampair.bike\/en\/wp-json\/wp\/v2\/pages\/414\/revisions\/1441"}],"wp:attachment":[{"href":"https:\/\/rampair.bike\/en\/wp-json\/wp\/v2\/media?parent=414"}],"curies":[{"name":"WordPress","href":"https:\/\/api.w.org\/{rel}","templated":true}]}}